{"id":2470,"date":"2014-07-17T10:37:16","date_gmt":"2014-07-17T10:37:16","guid":{"rendered":"https:\/\/www.vfgstrade.com\/lavori-stradali\/"},"modified":"2021-03-25T14:34:01","modified_gmt":"2021-03-25T14:34:01","slug":"strassenarbeiten","status":"publish","type":"page","link":"https:\/\/www.vfgstrade.com\/de\/strassenarbeiten\/","title":{"rendered":"Stra\u1e9eenarbeiten"},"content":{"rendered":"<div class=\"wpb-content-wrapper\"><p>[vc_row css_tabs=&#8220;&#8220; el_id=&#8220;verkehrszeichen&#8220;][vc_column width=&#8220;1\/4&#8243;][vc_single_image image=&#8220;519&#8243;][\/vc_column][vc_column width=&#8220;1\/2&#8243;][vc_column_text]<\/p>\n<h5><span style=\"color: #8d384e;\">Horizontale und vertikale Verkehrszeichen<\/span><\/h5>\n<p>[\/vc_column_text][vc_empty_space height=&#8220;20&#8243;][vc_column_text]VFG STRA\u00dfEN stellt seine Erfahrung und Zuverl\u00e4ssigkeit im Rahmen der Beschilderung und Stra\u00dfenmarkierung, in der tempor\u00e4ren Beschilderung f\u00fcr Baustellen durch den Einsatz von Zusatzzeichen und Ampeln zur Verf\u00fcgung.<\/p>\n<p>Wir handeln immer im Einklang mit den Vorschriften und wir garantieren ein optimales Ergebnis dank der Verwendung modernster Technologien.[\/vc_column_text][\/vc_column][\/vc_row][vc_row full_width=&#8220;stretch_row_content&#8220;][vc_column][rdy_gallery columns=&#8220;4&#8243; gutter=&#8220;5&#8243; no_link=&#8220;true&#8220; images=&#8220;637,636,635,634&#8243;][\/vc_column][\/vc_row][vc_row full_width=&#8220;stretch_row&#8220; css_tabs=&#8220;&#8220; css=&#8220;.vc_custom_1616682726472{background-image: url(https:\/\/www.vfgstrade.com\/wp-content\/uploads\/2021\/02\/strada_grigia_VFG.jpg?id=1678) !important;}&#8220; el_id=&#8220;stra\u00dfensperren&#8220;][vc_column width=&#8220;1\/4&#8243;][vc_single_image image=&#8220;522&#8243;][\/vc_column][vc_column width=&#8220;1\/2&#8243;][vc_column_text]<\/p>\n<h5><span style=\"color: #8d384e;\">Stra\u00dfensperren und L\u00e4rmschutzw\u00e4nde<\/span><\/h5>\n<p>[\/vc_column_text][vc_empty_space height=&#8220;20&#8243;][vc_column_text]<span style=\"color: #ffffff;\">Die Stra\u00dfensperren und L\u00e4rmschutzw\u00e4nde von VFG STRA\u00dfEN stehen in voller \u00dcbereinstimmung mit den Anforderungen der Rechtsvorschriften, um den Kunden zufrieden zu stellen, sowohl in Bezug auf Qualit\u00e4t als auch auf \u00c4sthetik.<\/span>[\/vc_column_text][\/vc_column][\/vc_row][vc_row full_width=&#8220;stretch_row_content&#8220; css=&#8220;.vc_custom_1616593155194{background-image: url(https:\/\/www.vfgstrade.com\/wp-content\/uploads\/2021\/02\/strada_grigia_VFG.jpg?id=1678) !important;}&#8220;][vc_column][rdy_gallery columns=&#8220;4&#8243; gutter=&#8220;5&#8243; no_link=&#8220;true&#8220; images=&#8220;578,579,580,582&#8243;][\/vc_column][\/vc_row][vc_row css_tabs=&#8220;&#8220; el_id=&#8220;wartung-von-pl\u00e4tzen-gr\u00fcnfl\u00e4chen&#8220;][vc_column width=&#8220;1\/4&#8243;][vc_single_image image=&#8220;520&#8243;][\/vc_column][vc_column width=&#8220;1\/2&#8243;][vc_column_text]<\/p>\n<h5><span style=\"color: #8d384e;\">Wartung von Pl\u00e4tzen und Gr\u00fcnfl\u00e4chen<\/span><\/h5>\n<p>[\/vc_column_text][vc_empty_space height=&#8220;20&#8243;][vc_column_text]Seit mehreren Jahren ist VFG STRA\u00dfEN Partner der gr\u00f6\u00dften Privatunternehmen, denen wir eine regelm\u00e4\u00dfige \u00dcberwachung und eine dauerhafte Wartung der gew\u00fcnschten Fl\u00e4chen bieten, sowohl was die Verkehrszeichen als auch die Teerdecke und die Gestaltung der Gr\u00fcnfl\u00e4chen betrifft.[\/vc_column_text][\/vc_column][\/vc_row][vc_row full_width=&#8220;stretch_row_content&#8220;][vc_column][rdy_gallery columns=&#8220;2&#8243; gutter=&#8220;5&#8243; no_link=&#8220;true&#8220; images=&#8220;609,610&#8243;][\/vc_column][\/vc_row][vc_row full_width=&#8220;stretch_row&#8220; css_tabs=&#8220;&#8220; css=&#8220;.vc_custom_1616682767447{background-image: url(https:\/\/www.vfgstrade.com\/wp-content\/uploads\/2021\/02\/strada_grigia_VFG.jpg?id=1678) !important;}&#8220; el_id=&#8220;werbeschilder-werbetafeln&#8220;][vc_column width=&#8220;1\/4&#8243;][vc_single_image image=&#8220;445&#8243;][\/vc_column][vc_column width=&#8220;1\/2&#8243;][vc_column_text]<\/p>\n<h5><span style=\"color: #8d384e;\">Werbeschilder und Werbetafeln<\/span><\/h5>\n<p>[\/vc_column_text][vc_empty_space height=&#8220;20&#8243;][vc_column_text]<span style=\"color: #ffffff;\">VFG STRA\u00dfEN plant und realisiert Werbeplakate mit der Verwendung hochqualitativer umweltfreundlicher Materialen. Reklameb\u00e4nder, Schilder und Zeichen f\u00fchren den Kunden schnell und gezielt zu Ihrem Firmensitz.<\/span>[\/vc_column_text][\/vc_column][\/vc_row][vc_row full_width=&#8220;stretch_row_content&#8220; css=&#8220;.vc_custom_1616593155194{background-image: url(https:\/\/www.vfgstrade.com\/wp-content\/uploads\/2021\/02\/strada_grigia_VFG.jpg?id=1678) !important;}&#8220;][vc_column][rdy_gallery gutter=&#8220;5&#8243; no_link=&#8220;true&#8220; images=&#8220;588,589,590&#8243;][\/vc_column][\/vc_row][vc_row css_tabs=&#8220;&#8220; el_id=&#8220;einrichtung-tempor\u00e4ren-baustellen&#8220;][vc_column width=&#8220;1\/4&#8243;][vc_single_image image=&#8220;523&#8243;][\/vc_column][vc_column width=&#8220;1\/2&#8243;][vc_column_text]<\/p>\n<h5><span style=\"color: #8d384e;\">Einrichtung von tempor\u00e4ren Baustellen<\/span><\/h5>\n<p>[\/vc_column_text][vc_empty_space height=&#8220;20&#8243;][vc_column_text]VFG STRA\u00dfEN richtet tempor\u00e4re Baustellen ein und k\u00fcmmert sich auch um jede Entwicklungsstufe, immer in voller \u00dcbereinstimmung mit den Anforderungen der Rechtsvorschriften, um eine sichere Befahrbarkeit zu garantieren.<\/p>\n<p>Der Service umfasst die Montage der Verkehrszeichen, die Einrichtung m\u00f6glicher Zufahrt, Begrenzungen und Ampeln, sowie chemischer B\u00e4der und Umkleider\u00e4ume f\u00fcr das Personal. Im Bedarfsfall, garantiert VFG STRA\u00dfEN den 24\/7 Notdienst.[\/vc_column_text][\/vc_column][\/vc_row][vc_row full_width=&#8220;stretch_row_content&#8220;][vc_column][rdy_gallery gutter=&#8220;5&#8243; no_link=&#8220;true&#8220; images=&#8220;585,586,587&#8243;][\/vc_column][\/vc_row][vc_row full_width=&#8220;stretch_row&#8220; css_tabs=&#8220;&#8220; css=&#8220;.vc_custom_1616682799594{background-image: url(https:\/\/www.vfgstrade.com\/wp-content\/uploads\/2021\/02\/strada_grigia_VFG.jpg?id=1678) !important;}&#8220; el_id=&#8220;notdienst&#8220;][vc_column width=&#8220;1\/4&#8243;][vc_single_image image=&#8220;919&#8243;][\/vc_column][vc_column width=&#8220;1\/2&#8243;][vc_column_text]<\/p>\n<h5><span style=\"color: #8d384e;\">Notdienst<\/span><\/h5>\n<p>[\/vc_column_text][vc_empty_space height=&#8220;20&#8243;][vc_column_text]<span style=\"color: #ffffff;\">Der Notdienst umfasst die Wartung und Reparatur von Pl\u00e4tzen, Gr\u00fcnfl\u00e4chen, Umz\u00e4unungen, eventuelle L\u00f6cher in der Teerdecke und Streuarbeiten. <\/span><\/p>\n<p>VFG STRA\u00dfEN gew\u00e4hrleistet einen rechtzeitigen Eingriff, falls gef\u00e4hrliche Situationen entstehen. Mit einem einfachen Telefonanruf, k\u00f6nnen Sie auf technische Hilfe unseres Teams von Fachleuten unter Zuhilfenahme unserer Spezialausstattungen z\u00e4hlen.[\/vc_column_text][\/vc_column][\/vc_row][vc_row full_width=&#8220;stretch_row_content&#8220; css=&#8220;.vc_custom_1616593155194{background-image: url(https:\/\/www.vfgstrade.com\/wp-content\/uploads\/2021\/02\/strada_grigia_VFG.jpg?id=1678) !important;}&#8220;][vc_column][rdy_gallery gutter=&#8220;5&#8243; no_link=&#8220;true&#8220; images=&#8220;902,901,900&#8243;][\/vc_column][\/vc_row][vc_row css_tabs=&#8220;&#8220; el_id=&#8220;werbetafeln-wahlplakate&#8220;][vc_column width=&#8220;1\/4&#8243;][vc_single_image image=&#8220;920&#8243;][\/vc_column][vc_column width=&#8220;1\/2&#8243;][vc_column_text]<\/p>\n<h5><span style=\"color: #8d384e;\">Werbetafeln f\u00fcr Wahlplakate<\/span><\/h5>\n<p>[\/vc_column_text][vc_empty_space height=&#8220;20&#8243;][vc_column_text]Unsere Bautischlerei steht \u00f6ffentlichen Einrichtungen und Gemeindeverwaltungen f\u00fcr die Installation und die Aufstellung von tempor\u00e4ren Werbetafeln f\u00fcr Wahlplakate, oder Werbetafeln zur Verf\u00fcgung.[\/vc_column_text][\/vc_column][\/vc_row][vc_row full_width=&#8220;stretch_row_content&#8220;][vc_column][rdy_gallery gutter=&#8220;5&#8243; no_link=&#8220;true&#8220; images=&#8220;591,592,593&#8243;][\/vc_column][\/vc_row][vc_row full_width=&#8220;stretch_row&#8220; css_tabs=&#8220;&#8220; css=&#8220;.vc_custom_1616682838742{background-image: url(https:\/\/www.vfgstrade.com\/wp-content\/uploads\/2021\/02\/strada_grigia_VFG.jpg?id=1678) !important;}&#8220; el_id=&#8220;verleih-sperren&#8220;][vc_column width=&#8220;1\/4&#8243;][vc_single_image image=&#8220;921&#8243;][\/vc_column][vc_column width=&#8220;1\/2&#8243;][vc_column_text]<\/p>\n<h5><span style=\"color: #8d384e;\">Verleih von Sperren<\/span><\/h5>\n<p>[\/vc_column_text][vc_empty_space height=&#8220;20&#8243;][vc_column_text]<span style=\"color: #ffffff;\">VFG STRA\u00dfEN erm\u00f6glicht \u00f6ffentlichen Einrichtungen und privaten Einrichtungen den Verleih von Sperren f\u00fcr Konzerte, Festivals, politische Debatten und Veranstaltungen jeder Art. <\/span><\/p>\n<p><span style=\"color: #ffffff;\">VFG STRA\u00dfEN bietet dar\u00fcber hinaus als Service den Verleih von Verkehrszeichen, Stra\u00dfenkegeln, Pfosten, Ampeln usw<\/span>[\/vc_column_text][\/vc_column][\/vc_row][vc_row full_width=&#8220;stretch_row_content&#8220; css=&#8220;.vc_custom_1616593155194{background-image: url(https:\/\/www.vfgstrade.com\/wp-content\/uploads\/2021\/02\/strada_grigia_VFG.jpg?id=1678) !important;}&#8220;][vc_column][rdy_gallery columns=&#8220;4&#8243; gutter=&#8220;5&#8243; no_link=&#8220;true&#8220; images=&#8220;606,607,608,605&#8243;][\/vc_column][\/vc_row]<\/p>\n<\/div>","protected":false},"excerpt":{"rendered":"<p>[vc_row css_tabs=&#8220;&#8220; el_id=&#8220;verkehrszeichen&#8220;][vc_column width=&#8220;1\/4&#8243;][vc_single_image image=&#8220;519&#8243;][\/vc_column][vc_column width=&#8220;1\/2&#8243;][vc_column_text] Horizontale und vertikale Verkehrszeichen [\/vc_column_text][vc_empty_space height=&#8220;20&#8243;][vc_column_text]VFG STRA\u00dfEN stellt seine Erfahrung und Zuverl\u00e4ssigkeit im Rahmen der Beschilderung und Stra\u00dfenmarkierung, in der tempor\u00e4ren Beschilderung f\u00fcr Baustellen [&hellip;]<\/p>\n","protected":false},"author":1,"featured_media":0,"parent":0,"menu_order":0,"comment_status":"open","ping_status":"closed","template":"","meta":{"footnotes":""},"class_list":["post-2470","page","type-page","status-publish","hentry"],"yoast_head":"<!-- This site is optimized with the Yoast SEO plugin v27.3 - https:\/\/yoast.com\/product\/yoast-seo-wordpress\/ -->\n<title>Lavori stradali e segnaletica stradale - VFG Strade<\/title>\n<meta name=\"description\" content=\"VFG STRADE significa esperienza e affidabilit\u00e0 nell&#039;ambito della segnaletica stradale orizzontale e verticale e lavori stradali.\" \/>\n<meta name=\"robots\" content=\"index, follow, max-snippet:-1, max-image-preview:large, max-video-preview:-1\" \/>\n<link rel=\"canonical\" href=\"https:\/\/www.vfgstrade.com\/lavori-stradali\/\" \/>\n<meta property=\"og:locale\" content=\"de_DE\" \/>\n<meta property=\"og:type\" content=\"article\" \/>\n<meta property=\"og:title\" content=\"Lavori stradali e segnaletica stradale - VFG Strade\" \/>\n<meta property=\"og:description\" content=\"VFG STRADE significa esperienza e affidabilit\u00e0 nell&#039;ambito della segnaletica stradale orizzontale e verticale e lavori stradali.\" \/>\n<meta property=\"og:url\" content=\"https:\/\/www.vfgstrade.com\/lavori-stradali\/\" \/>\n<meta property=\"og:site_name\" content=\"VFG strade\" \/>\n<meta property=\"article:publisher\" content=\"https:\/\/www.facebook.com\/vfgstrade\" \/>\n<meta property=\"article:modified_time\" content=\"2021-03-25T14:34:01+00:00\" \/>\n<meta name=\"twitter:label1\" content=\"Gesch\u00e4tzte Lesezeit\" \/>\n\t<meta name=\"twitter:data1\" content=\"5\u00a0Minuten\" \/>\n<script type=\"application\/ld+json\" class=\"yoast-schema-graph\">{\"@context\":\"https:\\\/\\\/schema.org\",\"@graph\":[{\"@type\":\"WebPage\",\"@id\":\"https:\\\/\\\/www.vfgstrade.com\\\/lavori-stradali\\\/\",\"url\":\"https:\\\/\\\/www.vfgstrade.com\\\/lavori-stradali\\\/\",\"name\":\"Lavori stradali e segnaletica stradale - VFG Strade\",\"isPartOf\":{\"@id\":\"https:\\\/\\\/www.vfgstrade.com\\\/en\\\/#website\"},\"datePublished\":\"2014-07-17T10:37:16+00:00\",\"dateModified\":\"2021-03-25T14:34:01+00:00\",\"description\":\"VFG STRADE significa esperienza e affidabilit\u00e0 nell'ambito della segnaletica stradale orizzontale e verticale e lavori stradali.\",\"breadcrumb\":{\"@id\":\"https:\\\/\\\/www.vfgstrade.com\\\/lavori-stradali\\\/#breadcrumb\"},\"inLanguage\":\"de\",\"potentialAction\":[{\"@type\":\"ReadAction\",\"target\":[\"https:\\\/\\\/www.vfgstrade.com\\\/lavori-stradali\\\/\"]}]},{\"@type\":\"BreadcrumbList\",\"@id\":\"https:\\\/\\\/www.vfgstrade.com\\\/lavori-stradali\\\/#breadcrumb\",\"itemListElement\":[{\"@type\":\"ListItem\",\"position\":1,\"name\":\"Home\",\"item\":\"https:\\\/\\\/www.vfgstrade.com\\\/\"},{\"@type\":\"ListItem\",\"position\":2,\"name\":\"Stra\u1e9eenarbeiten\"}]},{\"@type\":\"WebSite\",\"@id\":\"https:\\\/\\\/www.vfgstrade.com\\\/en\\\/#website\",\"url\":\"https:\\\/\\\/www.vfgstrade.com\\\/en\\\/\",\"name\":\"VFG strade\",\"description\":\"Lavori stradali - Segnaletica stradale\",\"publisher\":{\"@id\":\"https:\\\/\\\/www.vfgstrade.com\\\/en\\\/#organization\"},\"potentialAction\":[{\"@type\":\"SearchAction\",\"target\":{\"@type\":\"EntryPoint\",\"urlTemplate\":\"https:\\\/\\\/www.vfgstrade.com\\\/en\\\/?s={search_term_string}\"},\"query-input\":{\"@type\":\"PropertyValueSpecification\",\"valueRequired\":true,\"valueName\":\"search_term_string\"}}],\"inLanguage\":\"de\"},{\"@type\":\"Organization\",\"@id\":\"https:\\\/\\\/www.vfgstrade.com\\\/en\\\/#organization\",\"name\":\"VFG strade\",\"url\":\"https:\\\/\\\/www.vfgstrade.com\\\/en\\\/\",\"logo\":{\"@type\":\"ImageObject\",\"inLanguage\":\"de\",\"@id\":\"https:\\\/\\\/www.vfgstrade.com\\\/en\\\/#\\\/schema\\\/logo\\\/image\\\/\",\"url\":\"https:\\\/\\\/www.vfgstrade.com\\\/wp-content\\\/uploads\\\/2021\\\/03\\\/cropped-icona_sito_vfg_strade.png\",\"contentUrl\":\"https:\\\/\\\/www.vfgstrade.com\\\/wp-content\\\/uploads\\\/2021\\\/03\\\/cropped-icona_sito_vfg_strade.png\",\"width\":512,\"height\":512,\"caption\":\"VFG strade\"},\"image\":{\"@id\":\"https:\\\/\\\/www.vfgstrade.com\\\/en\\\/#\\\/schema\\\/logo\\\/image\\\/\"},\"sameAs\":[\"https:\\\/\\\/www.facebook.com\\\/vfgstrade\",\"https:\\\/\\\/www.linkedin.com\\\/company\\\/5264177\\\/\"]}]}<\/script>\n<!-- \/ Yoast SEO plugin. -->","yoast_head_json":{"title":"Lavori stradali e segnaletica stradale - VFG Strade","description":"VFG STRADE significa esperienza e affidabilit\u00e0 nell'ambito della segnaletica stradale orizzontale e verticale e lavori stradali.","robots":{"index":"index","follow":"follow","max-snippet":"max-snippet:-1","max-image-preview":"max-image-preview:large","max-video-preview":"max-video-preview:-1"},"canonical":"https:\/\/www.vfgstrade.com\/lavori-stradali\/","og_locale":"de_DE","og_type":"article","og_title":"Lavori stradali e segnaletica stradale - VFG Strade","og_description":"VFG STRADE significa esperienza e affidabilit\u00e0 nell'ambito della segnaletica stradale orizzontale e verticale e lavori stradali.","og_url":"https:\/\/www.vfgstrade.com\/lavori-stradali\/","og_site_name":"VFG strade","article_publisher":"https:\/\/www.facebook.com\/vfgstrade","article_modified_time":"2021-03-25T14:34:01+00:00","twitter_misc":{"Gesch\u00e4tzte Lesezeit":"5\u00a0Minuten"},"schema":{"@context":"https:\/\/schema.org","@graph":[{"@type":"WebPage","@id":"https:\/\/www.vfgstrade.com\/lavori-stradali\/","url":"https:\/\/www.vfgstrade.com\/lavori-stradali\/","name":"Lavori stradali e segnaletica stradale - VFG Strade","isPartOf":{"@id":"https:\/\/www.vfgstrade.com\/en\/#website"},"datePublished":"2014-07-17T10:37:16+00:00","dateModified":"2021-03-25T14:34:01+00:00","description":"VFG STRADE significa esperienza e affidabilit\u00e0 nell'ambito della segnaletica stradale orizzontale e verticale e lavori stradali.","breadcrumb":{"@id":"https:\/\/www.vfgstrade.com\/lavori-stradali\/#breadcrumb"},"inLanguage":"de","potentialAction":[{"@type":"ReadAction","target":["https:\/\/www.vfgstrade.com\/lavori-stradali\/"]}]},{"@type":"BreadcrumbList","@id":"https:\/\/www.vfgstrade.com\/lavori-stradali\/#breadcrumb","itemListElement":[{"@type":"ListItem","position":1,"name":"Home","item":"https:\/\/www.vfgstrade.com\/"},{"@type":"ListItem","position":2,"name":"Stra\u1e9eenarbeiten"}]},{"@type":"WebSite","@id":"https:\/\/www.vfgstrade.com\/en\/#website","url":"https:\/\/www.vfgstrade.com\/en\/","name":"VFG strade","description":"Lavori stradali - Segnaletica stradale","publisher":{"@id":"https:\/\/www.vfgstrade.com\/en\/#organization"},"potentialAction":[{"@type":"SearchAction","target":{"@type":"EntryPoint","urlTemplate":"https:\/\/www.vfgstrade.com\/en\/?s={search_term_string}"},"query-input":{"@type":"PropertyValueSpecification","valueRequired":true,"valueName":"search_term_string"}}],"inLanguage":"de"},{"@type":"Organization","@id":"https:\/\/www.vfgstrade.com\/en\/#organization","name":"VFG strade","url":"https:\/\/www.vfgstrade.com\/en\/","logo":{"@type":"ImageObject","inLanguage":"de","@id":"https:\/\/www.vfgstrade.com\/en\/#\/schema\/logo\/image\/","url":"https:\/\/www.vfgstrade.com\/wp-content\/uploads\/2021\/03\/cropped-icona_sito_vfg_strade.png","contentUrl":"https:\/\/www.vfgstrade.com\/wp-content\/uploads\/2021\/03\/cropped-icona_sito_vfg_strade.png","width":512,"height":512,"caption":"VFG strade"},"image":{"@id":"https:\/\/www.vfgstrade.com\/en\/#\/schema\/logo\/image\/"},"sameAs":["https:\/\/www.facebook.com\/vfgstrade","https:\/\/www.linkedin.com\/company\/5264177\/"]}]}},"_links":{"self":[{"href":"https:\/\/www.vfgstrade.com\/de\/wp-json\/wp\/v2\/pages\/2470","targetHints":{"allow":["GET"]}}],"collection":[{"href":"https:\/\/www.vfgstrade.com\/de\/wp-json\/wp\/v2\/pages"}],"about":[{"href":"https:\/\/www.vfgstrade.com\/de\/wp-json\/wp\/v2\/types\/page"}],"author":[{"embeddable":true,"href":"https:\/\/www.vfgstrade.com\/de\/wp-json\/wp\/v2\/users\/1"}],"replies":[{"embeddable":true,"href":"https:\/\/www.vfgstrade.com\/de\/wp-json\/wp\/v2\/comments?post=2470"}],"version-history":[{"count":4,"href":"https:\/\/www.vfgstrade.com\/de\/wp-json\/wp\/v2\/pages\/2470\/revisions"}],"predecessor-version":[{"id":2474,"href":"https:\/\/www.vfgstrade.com\/de\/wp-json\/wp\/v2\/pages\/2470\/revisions\/2474"}],"wp:attachment":[{"href":"https:\/\/www.vfgstrade.com\/de\/wp-json\/wp\/v2\/media?parent=2470"}],"curies":[{"name":"wp","href":"https:\/\/api.w.org\/{rel}","templated":true}]}}