{"id":2422,"date":"2013-10-18T12:21:29","date_gmt":"2013-10-18T12:21:29","guid":{"rendered":"https:\/\/www.vfgstrade.com\/vfg-strade\/"},"modified":"2021-04-02T09:03:07","modified_gmt":"2021-04-02T09:03:07","slug":"vfg-strade","status":"publish","type":"page","link":"https:\/\/www.vfgstrade.com\/de\/","title":{"rendered":"Home"},"content":{"rendered":"<div class=\"wpb-content-wrapper\"><p>[vc_row full_width=&#8220;stretch_row_content_no_spaces&#8220; row_dynamic_height=&#8220;90&#8243; row_overlay=&#8220;color&#8220; row_overlay_color=&#8220;#333333&#8243; video_bg=&#8220;yes&#8220; video_mp4=&#8220;https:\/\/www.vfgstrade.com\/wp-content\/uploads\/2021\/02\/video_homepage_VFG.mp4&#8243;][vc_column is_link=&#8220;true&#8220; link=&#8220;url:https%3A%2F%2Fvfgstrade.comde%2F%23exklusive&#8220;][vc_single_image image=&#8220;1857&#8243; alignment=&#8220;center&#8220;][vc_empty_space height=&#8220;20&#8243;][vc_column_text css_animation=&#8220;fadeIn&#8220; transition_delay=&#8220;1000&#8243;]<\/p>\n<h3 style=\"text-align: center;\"><span style=\"color: #ffffff;\">Weg den Weg zum Ziel<\/span><\/h3>\n<p>[\/vc_column_text][\/vc_column][\/vc_row][vc_row el_id=&#8220;exklusive&#8220;][vc_column][vc_empty_space height=&#8220;20&#8243;][vc_column_text]<\/p>\n<h2 style=\"text-align: center;\"><span style=\"color: #8d384e;\">Exklusive VFG Produkte<\/span><\/h2>\n<p>[\/vc_column_text][vc_empty_space height=&#8220;10&#8243;][vc_column_text]<\/p>\n<h6 style=\"text-align: center;\">VFG Stra\u00dfen hat das Alleinverkaufsrecht von Flexipfosten, die schon von ANAS und Autostrade per l&#8217;italia gew\u00e4hlt werden.<\/h6>\n<p>[\/vc_column_text][vc_empty_space height=&#8220;30&#8243;][rdy_button text=&#8220;Mehr&#8220; font_size=&#8220;14&#8243; margin_top=&#8220;0&#8243; margin_bottom=&#8220;0&#8243; background=&#8220;#8d384e&#8220; background_hover=&#8220;#333333&#8243; border_radius=&#8220;0&#8243; icon_align=&#8220;right&#8220; icon_fontawesome=&#8220;fas fa-angle-right&#8220; link=&#8220;url:https%3A%2F%2Fvfgstrade.com%2Fesclusive-vfg%2F&#8220;][vc_empty_space height=&#8220;20&#8243;][\/vc_column][\/vc_row][vc_row full_width=&#8220;stretch_row&#8220; css=&#8220;.vc_custom_1616587185348{background-image: url(https:\/\/www.vfgstrade.com\/wp-content\/uploads\/2021\/02\/strada_grigia_VFG.jpg?id=1678) !important;}&#8220;][vc_column width=&#8220;1\/4&#8243;][vc_column_text]<\/p>\n<p style=\"text-align: center;\"><strong><a href=\"http:\/\/www.vfgstrade.com\/de\/newsletter-3\/\">NEWSLETTER<br \/>\nANMELDUNG<\/a><\/strong><\/p>\n<p>[\/vc_column_text][vc_single_image image=&#8220;447&#8243; alignment=&#8220;center&#8220;][vc_column_text]<\/p>\n<p style=\"text-align: center;\"><span style=\"color: #ffffff;\">\u00dcber diese Website k\u00f6nnen Sie sich registrieren und per E-Mail \u00fcber die aktuellsten Entwicklungen neuer Produkte informieren lassen.<\/span><\/p>\n<p>[\/vc_column_text][\/vc_column][vc_column width=&#8220;1\/4&#8243;][vc_column_text]<\/p>\n<p style=\"text-align: center;\"><strong><a href=\"http:\/\/www.vfgstrade.com\/de\/strasenarbeiten\/#verkehrszeichen\">VERTIKALE UND HORIZONTALE<br \/>\nVERKEHRSZEICHEN<\/a><\/strong><\/p>\n<p>[\/vc_column_text][vc_single_image image=&#8220;449&#8243; alignment=&#8220;center&#8220;][vc_column_text]<\/p>\n<p style=\"text-align: center;\"><span style=\"color: #ffffff;\">Lieferung und Installation von Beschilderung und Stra\u00dfenmarkierung, tempor\u00e4ren Beschilderung f\u00fcr Baustellen durch den Einsatz von Zusatzzeichen, und Ampeln.<\/span><\/p>\n<p>[\/vc_column_text][\/vc_column][vc_column width=&#8220;1\/4&#8243;][vc_column_text]<\/p>\n<p style=\"text-align: center;\"><strong><a href=\"http:\/\/www.vfgstrade.com\/de\/strasenarbeiten\/#stra%C3%9Fensperren\">STRA\u00dfENSPERREN<br \/>\nUND L\u00c4RMSCHUTZW\u00c4NDE<\/a><\/strong><\/p>\n<p>[\/vc_column_text][vc_single_image image=&#8220;443&#8243; alignment=&#8220;center&#8220;][vc_column_text]<\/p>\n<p style=\"text-align: center;\"><span style=\"color: #ffffff;\">Die Stra\u00dfensperren und L\u00e4rmschutzw\u00e4nde von VFG STRA\u00dfEN stehen in voller \u00dcbereinstimmung mit den Anforderungen der Rechtsvorschriften.<\/span><\/p>\n<p>[\/vc_column_text][\/vc_column][vc_column width=&#8220;1\/4&#8243;][vc_column_text]<\/p>\n<p style=\"text-align: center;\"><strong><a href=\"http:\/\/www.vfgstrade.com\/de\/strasenarbeiten\/#wartung\">WARTUNG VON PL\u00c4TZE<br \/>\nUND LARMSCHUTZW\u00c4NDE<\/a><\/strong><\/p>\n<p>[\/vc_column_text][vc_single_image image=&#8220;450&#8243; alignment=&#8220;center&#8220;][vc_column_text]<\/p>\n<p style=\"text-align: center;\"><span style=\"color: #ffffff;\">Regelm\u00e4\u00dfige \u00dcberwachung, dauerhafte Wartung der gew\u00fcnschten Fl\u00e4chen, sowohl was die Verkehrszeichen als auch die Teerdecke und die Gestaltung der Gr\u00fcnfl\u00e4chen.<\/span><\/p>\n<p>[\/vc_column_text][\/vc_column][\/vc_row][vc_row][vc_column][vc_empty_space height=&#8220;20&#8243;][vc_column_text]<\/p>\n<h5 style=\"text-align: center;\"><span style=\"color: #8d384e;\">VFG Qualit\u00e4t<\/span><\/h5>\n<p>[\/vc_column_text][vc_empty_space height=&#8220;10&#8243;][vc_column_text]<\/p>\n<h6 style=\"text-align: center;\">Die h\u00f6chste Qualit\u00e4t und Sicherheit ist nicht nur durch unsere Erfahrung garantiert, sondern auch durch die zahlreiche Zertifizierungen.<\/h6>\n<p>[\/vc_column_text][vc_empty_space height=&#8220;30&#8243;][rdy_button text=&#8220;Unsere Zertifikate&#8220; font_size=&#8220;14&#8243; margin_top=&#8220;0&#8243; margin_bottom=&#8220;0&#8243; background=&#8220;#8d384e&#8220; background_hover=&#8220;#333333&#8243; border_radius=&#8220;0&#8243; icon_align=&#8220;right&#8220; icon_fontawesome=&#8220;fas fa-angle-right&#8220; link=&#8220;url:http%3A%2F%2Fwww.vfgstrade.com%2Fmodulistica%2F&#8220;][vc_empty_space height=&#8220;20&#8243;][\/vc_column][\/vc_row][vc_row full_width=&#8220;stretch_row&#8220; css=&#8220;.vc_custom_1616587185348{background-image: url(https:\/\/www.vfgstrade.com\/wp-content\/uploads\/2021\/02\/strada_grigia_VFG.jpg?id=1678) !important;}&#8220;][vc_column width=&#8220;1\/4&#8243;][vc_column_text]<\/p>\n<p style=\"text-align: center;\"><strong><a href=\"http:\/\/www.vfgstrade.com\/de\/strasenarbeiten\/#werbeschilderundwerbetafeln\">WERBESCHILDER<br \/>\nUND WERBETAFELN<\/a><\/strong><\/p>\n<p>[\/vc_column_text][vc_single_image image=&#8220;445&#8243; alignment=&#8220;center&#8220;][vc_column_text]<\/p>\n<p style=\"text-align: center;\"><span style=\"color: #ffffff;\">Werbeplakate realisiert mit der Verwendung hochqualitativer umweltfreundlicher Materialen.<\/span><\/p>\n<p>[\/vc_column_text][\/vc_column][vc_column width=&#8220;1\/4&#8243;][vc_column_text]<\/p>\n<p style=\"text-align: center;\"><strong><a href=\"http:\/\/www.vfgstrade.com\/de\/strasenarbeiten\/#einrichtungvontempor%C3%A4renBaustellen\">EINRICHTUNG<br \/>\nVON TEMPOR\u00c4REN BAUSTELLEN<\/a><\/strong><\/p>\n<p>[\/vc_column_text][vc_single_image image=&#8220;444&#8243; alignment=&#8220;center&#8220;][vc_column_text]<\/p>\n<p style=\"text-align: center;\"><span style=\"color: #ffffff;\">Wir richten tempor\u00e4re Baustellen ein und k\u00fcmmern wir uns auch um jede Entwicklungsstufe.<\/span><\/p>\n<p>[\/vc_column_text][\/vc_column][vc_column width=&#8220;1\/4&#8243;][vc_column_text]<\/p>\n<p style=\"text-align: center;\"><strong><a href=\"http:\/\/www.vfgstrade.com\/de\/strasenarbeiten\/\">WERBETAFELN<br \/>\nF\u00dcR WAHLPLAKATEN<\/a><\/strong><\/p>\n<p>[\/vc_column_text][vc_single_image image=&#8220;446&#8243; alignment=&#8220;center&#8220;][vc_column_text]<\/p>\n<p style=\"text-align: center;\"><span style=\"color: #ffffff;\">Installation und Aufstellung von tempor\u00e4ren Werbetafeln f\u00fcr Wahlplakate, oder Werbetafeln.<\/span><\/p>\n<p>[\/vc_column_text][\/vc_column][vc_column width=&#8220;1\/4&#8243;][vc_column_text]<\/p>\n<p style=\"text-align: center;\"><strong><a href=\"http:\/\/www.vfgstrade.com\/de\/strasenarbeiten\/#verleihvonsperren\">VERLEIH<br \/>\nVON SPERREN<\/a><\/strong><\/p>\n<p>[\/vc_column_text][vc_single_image image=&#8220;448&#8243; alignment=&#8220;center&#8220;][vc_column_text]<\/p>\n<p style=\"text-align: center;\"><span style=\"color: #ffffff;\">Verleih von Sperren f\u00fcr Konzerte, Festivals, politische Debatten und Veranstaltungen jeder Art.<\/span><\/p>\n<p>[\/vc_column_text][\/vc_column][\/vc_row][vc_row][vc_column width=&#8220;1\/2&#8243;][vc_column_text]<\/p>\n<h5><span style=\"color: #8d384e;\">Unsere arbeit<\/span><\/h5>\n<p>[\/vc_column_text][vc_empty_space height=&#8220;20&#8243;][vc_column_text]VFG STRA\u00dfEN wurde 2005 gegr\u00fcndet, aufgrund der zehnj\u00e4hrigen Erfahrung von Technikern und Fachleuten, die sich entschieden haben, ihre F\u00e4higkeiten und ihr Know-how \u00f6ffentlichen und privaten Einrichtungen zur Verf\u00fcgung zu stellen. VFG befasst sich mit der Lieferung und Verlegung von\u00a0<strong>Beschilderungen<\/strong>\u00a0und\u00a0<strong>Stra\u00dfenmarkierungen<\/strong>, von\u00a0<strong>Stra\u00dfensperren<\/strong>\u00a0und\u00a0<strong>L\u00e4rmschutzw\u00e4nden<\/strong>, und mit der\u00a0<strong>Wartung von Pl\u00e4tzen und Gr\u00fcnfl\u00e4chen<\/strong>. VFG STRA\u00dfEN bietet auch zielgerichtete Empfehlungen \u00fcber die beste\u00a0<strong>Stra\u00dfenausstattung<\/strong>, um den Anspr\u00fcchen, die an einen \u00f6ffentlichen Raum gestellt werden, zu gen\u00fcgen und den \u00f6ffentlichen Raum lebenswert und \u00e4sthetisch ansprechend zu machen. Dank der breiten Verf\u00fcgbarkeit von speziellen Ger\u00e4ten, unserem Know-How in der Bautischlerei und unseren graphischen Kenntnissen, sind wir ein idealer Gesch\u00e4ftspartner f\u00fcr das Ereignismanagement der <strong>\u00f6ffentlichen Veranstaltungen<\/strong>, weil wir uns mit der Einrichtung, der Beseitigung und dem Verleih von Sperren und tempor\u00e4re Signalisierung besch\u00e4ftigen. VFG STRA\u00dfEN bietet auch die Lieferung und Montage von\u00a0<strong>Werbeschildern<\/strong>\u00a0und Werbetafeln f\u00fcr\u00a0<strong>Wahlplakate<\/strong>. Wir arbeiten im gesamten nationalen Hoheitsgebiet, mit Fachpersonal und fortschrittlichen Technologien. Wir bieten dem Kunden eine ordentliche Bearbeitung, wir \u00fcben dabei unseren Beruf mit voller Hingabe aus und wir beachten immer an die geltenden Vorschriften. Wir sind im Besitz des CE-Zertifizierung f\u00fcr die Herstellung von Schildern.[\/vc_column_text][\/vc_column][vc_column width=&#8220;1\/2&#8243;][vc_single_image image=&#8220;665&#8243;][\/vc_column][\/vc_row][vc_row][vc_column width=&#8220;1\/2&#8243;][vc_column_text]Wichtige \u00f6ffentliche Veranstaltungen, wie ANAS und AUTOSTRADE PER L\u2018ITALIA, und gro\u00dfe Privatunternehmen wie IKEA, haben bereits auf die Dienste von VFG STRA\u00dfEN zur\u00fcckgegriffen. Bei uns haben Sie einen kompetenten Partner f\u00fcr\u00a0<strong>Stra\u00dfenarbeiten, Signalisierung und Notdienst 24 Stunden pro Tag an 7 Tagen in der Woche gefunden<\/strong>. VFG STRA\u00dfEN ist st\u00e4ndig auf der Suche nach neuen Technologien und Systemen f\u00fcr die Verkehrssicherheit und unterbreitet neue Vorschl\u00e4ge auf dem Gebiet des\u00a0<strong>Umweltschutzes<\/strong>\u00a0und der Energieeinsparung. VFG STRA\u00dfEN arbeitet mit internationalen Partnern, um neue Systeme und L\u00f6sungen f\u00fcr eine verbesserte Sicherheit der Verkehrsteilnehmer zu entwickeln.\u00a0<strong>Der Respekt f\u00fcr die Umwelt<\/strong>\u00a0ist ein integraler Bestandteil unserer Gesch\u00e4ftsidee. Wir sind immer bestrebt, die Umweltbelastung \u2013 durch die Anwendung von\u00a0<strong>Wasserlacken<\/strong>\u00a0und durch den Einsatz von nur wenigen Chemikalien \u2013 zu verringern, um nicht die Gesundheit der Arbeitnehmer zu gef\u00e4hrden und die Verschmutzung des Grundwassers zu verhindern. VFG Stra\u00dfen bietet auch innovative umweltfreundliche Beleuchtungssysteme f\u00fcr die Verkehrssicherheit. Es maximiert dabei die Nutzung von erneuerbaren Energien und verbessert die Auswirkungen auf die Umwelt. Tragbarkeit ist ein strategischer langfristiger Ansatz f\u00fcr VFG, um einen Konsens zwischen wirtschaftlichen Interessen und der sozialen und \u00f6kologischen Verantwortung zu finden. Wir laden Sie ein, sich einen Einblick in unsere Produktwelt zu verschaffen. Dort werden Sie sehen, wie unsere exklusiven Produkte unsere st\u00e4ndige Suche nach den neuesten Trends erfolgreich widerspiegeln. \u00dcber diese Website k\u00f6nnen Sie sich registrieren und per E-Mail \u00fcber die aktuellsten Entwicklungen neuer Produkte informieren lassen.[\/vc_column_text][\/vc_column][vc_column width=&#8220;1\/2&#8243;][vc_single_image image=&#8220;666&#8243;][\/vc_column][\/vc_row][vc_row full_width=&#8220;stretch_row&#8220; css=&#8220;.vc_custom_1616592072062{background-color: #f9f9f9 !important;}&#8220;][vc_column width=&#8220;1\/2&#8243;][vc_column_text]<\/p>\n<h5><span style=\"color: #8d384e;\">Kontakt<\/span><\/h5>\n<p>[\/vc_column_text][vc_empty_space height=&#8220;20&#8243;][vc_column_text]<strong>VFG Strade Srl<\/strong><\/p>\n<p>Rechtssitz<br \/>\nVia Sabbionara, 611 \u2013 40059 \u2013 Medicina<br \/>\nBologna, Italy<\/p>\n<p>Tel.: +39\u00a0051790166<br \/>\nFax: +39\u00a00516960063<br \/>\nE-mail:\u00a0<a href=\"mailto:segreteria@vfgstrade.com\">segreteria@vfgstrade.com<\/a>[\/vc_column_text][\/vc_column][vc_column width=&#8220;1\/2&#8243;][vc_raw_html]JTVCZm9ybWluYXRvcl9mb3JtJTIwaWQlM0QlMjIyNzY5JTIyJTVE[\/vc_raw_html][\/vc_column][\/vc_row]<\/p>\n<\/div>","protected":false},"excerpt":{"rendered":"<p>[vc_row full_width=&#8220;stretch_row_content_no_spaces&#8220; row_dynamic_height=&#8220;90&#8243; row_overlay=&#8220;color&#8220; row_overlay_color=&#8220;#333333&#8243; video_bg=&#8220;yes&#8220; video_mp4=&#8220;https:\/\/www.vfgstrade.com\/wp-content\/uploads\/2021\/02\/video_homepage_VFG.mp4&#8243;][vc_column is_link=&#8220;true&#8220; link=&#8220;url:https%3A%2F%2Fvfgstrade.comde%2F%23exklusive&#8220;][vc_single_image image=&#8220;1857&#8243; alignment=&#8220;center&#8220;][vc_empty_space height=&#8220;20&#8243;][vc_column_text css_animation=&#8220;fadeIn&#8220; transition_delay=&#8220;1000&#8243;] Weg den Weg zum Ziel [\/vc_column_text][\/vc_column][\/vc_row][vc_row el_id=&#8220;exklusive&#8220;][vc_column][vc_empty_space height=&#8220;20&#8243;][vc_column_text] Exklusive VFG Produkte [\/vc_column_text][vc_empty_space height=&#8220;10&#8243;][vc_column_text] VFG Stra\u00dfen hat [&hellip;]<\/p>\n","protected":false},"author":1,"featured_media":0,"parent":0,"menu_order":0,"comment_status":"closed","ping_status":"closed","template":"","meta":{"footnotes":""},"class_list":["post-2422","page","type-page","status-publish","hentry"],"yoast_head":"<!-- This site is optimized with the Yoast SEO plugin v27.4 - https:\/\/yoast.com\/product\/yoast-seo-wordpress\/ -->\n<title>Home - VFG strade<\/title>\n<meta name=\"robots\" content=\"index, follow, max-snippet:-1, max-image-preview:large, max-video-preview:-1\" \/>\n<link rel=\"canonical\" href=\"https:\/\/www.vfgstrade.com\/\" \/>\n<meta property=\"og:locale\" content=\"de_DE\" \/>\n<meta property=\"og:type\" content=\"article\" \/>\n<meta property=\"og:title\" content=\"Home - VFG strade\" \/>\n<meta property=\"og:description\" content=\"[vc_row full_width=&#8220;stretch_row_content_no_spaces&#8220; row_dynamic_height=&#8220;90&#8243; row_overlay=&#8220;color&#8220; row_overlay_color=&#8220;#333333&#8243; video_bg=&#8220;yes&#8220; video_mp4=&#8220;https:\/\/www.vfgstrade.com\/wp-content\/uploads\/2021\/02\/video_homepage_VFG.mp4&#8243;][vc_column is_link=&#8220;true&#8220; link=&#8220;url:https%3A%2F%2Fvfgstrade.comde%2F%23exklusive&#8220;][vc_single_image image=&#8220;1857&#8243; alignment=&#8220;center&#8220;][vc_empty_space height=&#8220;20&#8243;][vc_column_text css_animation=&#8220;fadeIn&#8220; transition_delay=&#8220;1000&#8243;] Weg den Weg zum Ziel [\/vc_column_text][\/vc_column][\/vc_row][vc_row el_id=&#8220;exklusive&#8220;][vc_column][vc_empty_space height=&#8220;20&#8243;][vc_column_text] Exklusive VFG Produkte [\/vc_column_text][vc_empty_space height=&#8220;10&#8243;][vc_column_text] VFG Stra\u00dfen hat [&hellip;]\" \/>\n<meta property=\"og:url\" content=\"https:\/\/www.vfgstrade.com\/\" \/>\n<meta property=\"og:site_name\" content=\"VFG strade\" \/>\n<meta property=\"article:publisher\" content=\"https:\/\/www.facebook.com\/vfgstrade\" \/>\n<meta property=\"article:modified_time\" content=\"2021-04-02T09:03:07+00:00\" \/>\n<meta name=\"twitter:label1\" content=\"Gesch\u00e4tzte Lesezeit\" \/>\n\t<meta name=\"twitter:data1\" content=\"6\u00a0Minuten\" \/>\n<script type=\"application\/ld+json\" class=\"yoast-schema-graph\">{\"@context\":\"https:\\\/\\\/schema.org\",\"@graph\":[{\"@type\":\"WebPage\",\"@id\":\"https:\\\/\\\/www.vfgstrade.com\\\/\",\"url\":\"https:\\\/\\\/www.vfgstrade.com\\\/\",\"name\":\"Home - VFG strade\",\"isPartOf\":{\"@id\":\"https:\\\/\\\/www.vfgstrade.com\\\/en\\\/#website\"},\"datePublished\":\"2013-10-18T12:21:29+00:00\",\"dateModified\":\"2021-04-02T09:03:07+00:00\",\"breadcrumb\":{\"@id\":\"https:\\\/\\\/www.vfgstrade.com\\\/#breadcrumb\"},\"inLanguage\":\"de\",\"potentialAction\":[{\"@type\":\"ReadAction\",\"target\":[\"https:\\\/\\\/www.vfgstrade.com\\\/\"]}]},{\"@type\":\"BreadcrumbList\",\"@id\":\"https:\\\/\\\/www.vfgstrade.com\\\/#breadcrumb\",\"itemListElement\":[{\"@type\":\"ListItem\",\"position\":1,\"name\":\"Home\",\"item\":\"https:\\\/\\\/www.vfgstrade.com\\\/\"},{\"@type\":\"ListItem\",\"position\":2,\"name\":\"Home\"}]},{\"@type\":\"WebSite\",\"@id\":\"https:\\\/\\\/www.vfgstrade.com\\\/en\\\/#website\",\"url\":\"https:\\\/\\\/www.vfgstrade.com\\\/en\\\/\",\"name\":\"VFG strade\",\"description\":\"Lavori stradali - Segnaletica stradale\",\"publisher\":{\"@id\":\"https:\\\/\\\/www.vfgstrade.com\\\/en\\\/#organization\"},\"potentialAction\":[{\"@type\":\"SearchAction\",\"target\":{\"@type\":\"EntryPoint\",\"urlTemplate\":\"https:\\\/\\\/www.vfgstrade.com\\\/en\\\/?s={search_term_string}\"},\"query-input\":{\"@type\":\"PropertyValueSpecification\",\"valueRequired\":true,\"valueName\":\"search_term_string\"}}],\"inLanguage\":\"de\"},{\"@type\":\"Organization\",\"@id\":\"https:\\\/\\\/www.vfgstrade.com\\\/en\\\/#organization\",\"name\":\"VFG strade\",\"url\":\"https:\\\/\\\/www.vfgstrade.com\\\/en\\\/\",\"logo\":{\"@type\":\"ImageObject\",\"inLanguage\":\"de\",\"@id\":\"https:\\\/\\\/www.vfgstrade.com\\\/en\\\/#\\\/schema\\\/logo\\\/image\\\/\",\"url\":\"https:\\\/\\\/www.vfgstrade.com\\\/wp-content\\\/uploads\\\/2021\\\/03\\\/cropped-icona_sito_vfg_strade.png\",\"contentUrl\":\"https:\\\/\\\/www.vfgstrade.com\\\/wp-content\\\/uploads\\\/2021\\\/03\\\/cropped-icona_sito_vfg_strade.png\",\"width\":512,\"height\":512,\"caption\":\"VFG strade\"},\"image\":{\"@id\":\"https:\\\/\\\/www.vfgstrade.com\\\/en\\\/#\\\/schema\\\/logo\\\/image\\\/\"},\"sameAs\":[\"https:\\\/\\\/www.facebook.com\\\/vfgstrade\",\"https:\\\/\\\/www.linkedin.com\\\/company\\\/5264177\\\/\"]}]}<\/script>\n<!-- \/ Yoast SEO plugin. -->","yoast_head_json":{"title":"Home - VFG strade","robots":{"index":"index","follow":"follow","max-snippet":"max-snippet:-1","max-image-preview":"max-image-preview:large","max-video-preview":"max-video-preview:-1"},"canonical":"https:\/\/www.vfgstrade.com\/","og_locale":"de_DE","og_type":"article","og_title":"Home - VFG strade","og_description":"[vc_row full_width=&#8220;stretch_row_content_no_spaces&#8220; row_dynamic_height=&#8220;90&#8243; row_overlay=&#8220;color&#8220; row_overlay_color=&#8220;#333333&#8243; video_bg=&#8220;yes&#8220; video_mp4=&#8220;https:\/\/www.vfgstrade.com\/wp-content\/uploads\/2021\/02\/video_homepage_VFG.mp4&#8243;][vc_column is_link=&#8220;true&#8220; link=&#8220;url:https%3A%2F%2Fvfgstrade.comde%2F%23exklusive&#8220;][vc_single_image image=&#8220;1857&#8243; alignment=&#8220;center&#8220;][vc_empty_space height=&#8220;20&#8243;][vc_column_text css_animation=&#8220;fadeIn&#8220; transition_delay=&#8220;1000&#8243;] Weg den Weg zum Ziel [\/vc_column_text][\/vc_column][\/vc_row][vc_row el_id=&#8220;exklusive&#8220;][vc_column][vc_empty_space height=&#8220;20&#8243;][vc_column_text] Exklusive VFG Produkte [\/vc_column_text][vc_empty_space height=&#8220;10&#8243;][vc_column_text] VFG Stra\u00dfen hat [&hellip;]","og_url":"https:\/\/www.vfgstrade.com\/","og_site_name":"VFG strade","article_publisher":"https:\/\/www.facebook.com\/vfgstrade","article_modified_time":"2021-04-02T09:03:07+00:00","twitter_misc":{"Gesch\u00e4tzte Lesezeit":"6\u00a0Minuten"},"schema":{"@context":"https:\/\/schema.org","@graph":[{"@type":"WebPage","@id":"https:\/\/www.vfgstrade.com\/","url":"https:\/\/www.vfgstrade.com\/","name":"Home - VFG strade","isPartOf":{"@id":"https:\/\/www.vfgstrade.com\/en\/#website"},"datePublished":"2013-10-18T12:21:29+00:00","dateModified":"2021-04-02T09:03:07+00:00","breadcrumb":{"@id":"https:\/\/www.vfgstrade.com\/#breadcrumb"},"inLanguage":"de","potentialAction":[{"@type":"ReadAction","target":["https:\/\/www.vfgstrade.com\/"]}]},{"@type":"BreadcrumbList","@id":"https:\/\/www.vfgstrade.com\/#breadcrumb","itemListElement":[{"@type":"ListItem","position":1,"name":"Home","item":"https:\/\/www.vfgstrade.com\/"},{"@type":"ListItem","position":2,"name":"Home"}]},{"@type":"WebSite","@id":"https:\/\/www.vfgstrade.com\/en\/#website","url":"https:\/\/www.vfgstrade.com\/en\/","name":"VFG strade","description":"Lavori stradali - Segnaletica stradale","publisher":{"@id":"https:\/\/www.vfgstrade.com\/en\/#organization"},"potentialAction":[{"@type":"SearchAction","target":{"@type":"EntryPoint","urlTemplate":"https:\/\/www.vfgstrade.com\/en\/?s={search_term_string}"},"query-input":{"@type":"PropertyValueSpecification","valueRequired":true,"valueName":"search_term_string"}}],"inLanguage":"de"},{"@type":"Organization","@id":"https:\/\/www.vfgstrade.com\/en\/#organization","name":"VFG strade","url":"https:\/\/www.vfgstrade.com\/en\/","logo":{"@type":"ImageObject","inLanguage":"de","@id":"https:\/\/www.vfgstrade.com\/en\/#\/schema\/logo\/image\/","url":"https:\/\/www.vfgstrade.com\/wp-content\/uploads\/2021\/03\/cropped-icona_sito_vfg_strade.png","contentUrl":"https:\/\/www.vfgstrade.com\/wp-content\/uploads\/2021\/03\/cropped-icona_sito_vfg_strade.png","width":512,"height":512,"caption":"VFG strade"},"image":{"@id":"https:\/\/www.vfgstrade.com\/en\/#\/schema\/logo\/image\/"},"sameAs":["https:\/\/www.facebook.com\/vfgstrade","https:\/\/www.linkedin.com\/company\/5264177\/"]}]}},"_links":{"self":[{"href":"https:\/\/www.vfgstrade.com\/de\/wp-json\/wp\/v2\/pages\/2422","targetHints":{"allow":["GET"]}}],"collection":[{"href":"https:\/\/www.vfgstrade.com\/de\/wp-json\/wp\/v2\/pages"}],"about":[{"href":"https:\/\/www.vfgstrade.com\/de\/wp-json\/wp\/v2\/types\/page"}],"author":[{"embeddable":true,"href":"https:\/\/www.vfgstrade.com\/de\/wp-json\/wp\/v2\/users\/1"}],"replies":[{"embeddable":true,"href":"https:\/\/www.vfgstrade.com\/de\/wp-json\/wp\/v2\/comments?post=2422"}],"version-history":[{"count":10,"href":"https:\/\/www.vfgstrade.com\/de\/wp-json\/wp\/v2\/pages\/2422\/revisions"}],"predecessor-version":[{"id":2852,"href":"https:\/\/www.vfgstrade.com\/de\/wp-json\/wp\/v2\/pages\/2422\/revisions\/2852"}],"wp:attachment":[{"href":"https:\/\/www.vfgstrade.com\/de\/wp-json\/wp\/v2\/media?parent=2422"}],"curies":[{"name":"wp","href":"https:\/\/api.w.org\/{rel}","templated":true}]}}